{"id":172,"date":"2023-05-29T12:33:33","date_gmt":"2023-05-29T10:33:33","guid":{"rendered":"https:\/\/farmacred.umh.es\/?page_id=172"},"modified":"2023-05-29T12:35:39","modified_gmt":"2023-05-29T10:35:39","slug":"requisitos","status":"publish","type":"page","link":"https:\/\/farmacred.umh.es\/ca\/requisitos\/","title":{"rendered":"<span lang=\"es\">(Espa\u00f1ol) Requisitos<\/span>"},"content":{"rendered":"<p>[et_pb_section fb_built=&#8221;1&#8243; _builder_version=&#8221;4.17.4&#8243; _module_preset=&#8221;default&#8221; locked=&#8221;off&#8221; global_colors_info=&#8221;{}&#8221;][et_pb_row _builder_version=&#8221;4.17.4&#8243; _module_preset=&#8221;default&#8221; global_colors_info=&#8221;{}&#8221;][et_pb_column type=&#8221;4_4&#8243; _builder_version=&#8221;4.17.4&#8243; _module_preset=&#8221;default&#8221; global_colors_info=&#8221;{}&#8221;][et_pb_text _builder_version=&#8221;4.17.4&#8243; _module_preset=&#8221;default&#8221; header_font=&#8221;|700|||||||&#8221; header_text_color=&#8221;#421476&#8243; hover_enabled=&#8221;0&#8243; locked=&#8221;off&#8221; global_colors_info=&#8221;{}&#8221; sticky_enabled=&#8221;0&#8243;]<\/p>\n<h1 id=\"sites-page-title-header\" align=\"left\"><span id=\"sites-page-title\" dir=\"ltr\" tabindex=\"-1\">Requisitos<\/span><\/h1>\n<div id=\"sites-canvas-main\" class=\"sites-canvas-main\">\n<div id=\"sites-canvas-main-content\"><\/div>\n<\/div>\n<p>[\/et_pb_text][et_pb_text _builder_version=&#8221;4.17.4&#8243; _module_preset=&#8221;default&#8221; text_text_color=&#8221;#000000&#8243; header_2_font=&#8221;|600|||||||&#8221; header_2_text_color=&#8221;#000000&#8243; hover_enabled=&#8221;0&#8243; global_colors_info=&#8221;{}&#8221; sticky_enabled=&#8221;0&#8243;]<\/p>\n<h2>ESTUDIANTES DE GRADO<\/h2>\n<ul>\n<li style=\"list-style-type: none;\">\n<ul>\n<li>Que no hayan transcurrido m\u00e1s de cinco a\u00f1os desde la finalizaci\u00f3n de los estudios (a falta de la asignatura Estancias).<\/li>\n<li>Haber superado un m\u00ednimo de 232 cr\u00e9ditos de entre los b\u00e1sicos y obligatorios de la titulaci\u00f3n y que este requisito conste en el expediente acad\u00e9mico del estudiante.<\/li>\n<li>Estar matriculado de TODAS LAS ASIGNATURAS que quedan para finalizar la carrera.<\/li>\n<li>Haber realizado las pr\u00e1cticas de las asignaturas que el estudiante aun no haya superado.<\/li>\n<\/ul>\n<\/li>\n<\/ul>\n<p>[\/et_pb_text][\/et_pb_column][\/et_pb_row][\/et_pb_section]<\/p>\n","protected":false},"excerpt":{"rendered":"<p>Requisitos ESTUDIANTES DE GRADO Que no hayan transcurrido m\u00e1s de cinco a\u00f1os desde la finalizaci\u00f3n de los estudios (a falta de la asignatura Estancias). Haber superado un m\u00ednimo de 232 cr\u00e9ditos de entre los b\u00e1sicos y obligatorios de la titulaci\u00f3n y que este requisito conste en el expediente acad\u00e9mico del estudiante. Estar matriculado de TODAS [&hellip;]<\/p>\n","protected":false},"author":23459,"featured_media":0,"parent":0,"menu_order":0,"comment_status":"closed","ping_status":"closed","template":"","meta":{"_et_pb_use_builder":"on","_et_pb_old_content":"","_et_gb_content_width":"","_links_to":"","_links_to_target":""},"_links":{"self":[{"href":"https:\/\/farmacred.umh.es\/ca\/wp-json\/wp\/v2\/pages\/172"}],"collection":[{"href":"https:\/\/farmacred.umh.es\/ca\/wp-json\/wp\/v2\/pages"}],"about":[{"href":"https:\/\/farmacred.umh.es\/ca\/wp-json\/wp\/v2\/types\/page"}],"author":[{"embeddable":true,"href":"https:\/\/farmacred.umh.es\/ca\/wp-json\/wp\/v2\/users\/23459"}],"replies":[{"embeddable":true,"href":"https:\/\/farmacred.umh.es\/ca\/wp-json\/wp\/v2\/comments?post=172"}],"version-history":[{"count":0,"href":"https:\/\/farmacred.umh.es\/ca\/wp-json\/wp\/v2\/pages\/172\/revisions"}],"wp:attachment":[{"href":"https:\/\/farmacred.umh.es\/ca\/wp-json\/wp\/v2\/media?parent=172"}],"curies":[{"name":"wp","href":"https:\/\/api.w.org\/{rel}","templated":true}]}}