{"id":200,"date":"2023-05-29T13:32:57","date_gmt":"2023-05-29T11:32:57","guid":{"rendered":"https:\/\/farmacred.umh.es\/?page_id=200"},"modified":"2023-05-29T13:33:02","modified_gmt":"2023-05-29T11:33:02","slug":"servicios-de-farmacias-hospitalarias","status":"publish","type":"page","link":"https:\/\/farmacred.umh.es\/ca\/servicios-de-farmacias-hospitalarias\/","title":{"rendered":"<span lang=\"es\">(Espa\u00f1ol) Servicios de farmacias hospitalarias<\/span>"},"content":{"rendered":"<p>[et_pb_section fb_built=&#8221;1&#8243; _builder_version=&#8221;4.17.4&#8243; _module_preset=&#8221;default&#8221; global_colors_info=&#8221;{}&#8221; locked=&#8221;off&#8221; theme_builder_area=&#8221;post_content&#8221;][et_pb_row _builder_version=&#8221;4.17.4&#8243; _module_preset=&#8221;default&#8221; global_colors_info=&#8221;{}&#8221; theme_builder_area=&#8221;post_content&#8221;][et_pb_column type=&#8221;4_4&#8243; _builder_version=&#8221;4.17.4&#8243; _module_preset=&#8221;default&#8221; global_colors_info=&#8221;{}&#8221; theme_builder_area=&#8221;post_content&#8221;][et_pb_text _builder_version=&#8221;4.17.4&#8243; _module_preset=&#8221;default&#8221; header_font=&#8221;|700||on|||||&#8221; header_text_color=&#8221;#421476&#8243; hover_enabled=&#8221;0&#8243; locked=&#8221;off&#8221; global_colors_info=&#8221;{}&#8221; theme_builder_area=&#8221;post_content&#8221; sticky_enabled=&#8221;0&#8243;]<\/p>\n<h1 id=\"sites-page-title-header\" align=\"left\"><span id=\"sites-page-title\" dir=\"ltr\" tabindex=\"-1\">Servicio de farmacia hospitalarias<\/span><\/h1>\n<div id=\"sites-canvas-main\" class=\"sites-canvas-main\">\n<div id=\"sites-canvas-main-content\">\u00a0<\/div>\n<\/div>\n<p>[\/et_pb_text][et_pb_text _builder_version=&#8221;4.17.4&#8243; _module_preset=&#8221;default&#8221; theme_builder_area=&#8221;post_content&#8221; hover_enabled=&#8221;0&#8243; sticky_enabled=&#8221;0&#8243;]<\/p>\n<p id=\"yui_3_17_2_1_1685359474321_1384\"><span id=\"yui_3_17_2_1_1685359474321_1387\">Listado de Servicios de Farmacia Hospitalaria disponibles para el periodo ENERO A Junio 2022. Este listado se modifica cada per\u00edodo.<\/span><\/p>\n<div id=\"yui_3_17_2_1_1685359474321_1388\">\n<p><span id=\"yui_3_17_2_1_1685359474321_1389\"><span id=\"yui_3_17_2_1_1685359474321_1390\">\u00a0<\/span><\/span><\/p>\n<div id=\"yui_3_17_2_1_1685359474321_1392\"><span id=\"yui_3_17_2_1_1685359474321_1393\"><b id=\"yui_3_17_2_1_1685359474321_1394\"><b id=\"yui_3_17_2_1_1685359474321_1395\">Actualizado 03\/12\/2022<\/b><\/b><\/span><\/div>\n<div id=\"yui_3_17_2_1_1685359474321_1396\">\u00a0<\/div>\n<div id=\"yui_3_17_2_1_1685359474321_1397\">\n<p>&nbsp;<\/p>\n<table id=\"goog-ws-list-table\" class=\"sites-table goog-ws-list-table\">\n<tbody id=\"yui_3_17_2_1_1685359474321_1401\">\n<tr id=\" wuid:gx:720967d6270ed08d \" class=\"goog-ws-list-tableRow \">\n<td id=\"yui_3_17_2_1_1685359474321_1402\" dir=\" \" style=\"text-align: center;\" width=\"20% \"><strong>Servicio de Farmacia<\/strong><\/td>\n<td id=\"yui_3_17_2_1_1685359474321_1403\" dir=\" \" style=\"text-align: center;\" width=\"20% \"><strong>Localidad<\/strong><\/td>\n<td id=\"yui_3_17_2_1_1685359474321_1405\" dir=\" \" style=\"text-align: center;\" width=\"20% \"><strong>N\u00famero de Plazas (Trimestre)<\/strong><\/td>\n<td id=\"yui_3_17_2_1_1685359474321_1407\" dir=\" \" style=\"text-align: center;\" width=\"20% \"><strong>Profesores<\/strong><\/td>\n<td id=\"yui_3_17_2_1_1685359474321_1409\" dir=\" \" style=\"text-align: center;\" width=\"20% \"><strong>Observaciones<\/strong><\/td>\n<\/tr>\n<tr id=\"wuid:gx:720967d6270ed08d \" class=\"goog-ws-list-tableRow \">\n<td id=\"yui_3_17_2_1_1685359474321_1411\" dir=\" \" style=\"text-align: center;\" width=\"20% \">Hospital de Alcoy<\/td>\n<td id=\"yui_3_17_2_1_1685359474321_1412\" dir=\" \" style=\"text-align: center;\" width=\"20% \">\u00a0Alcoy<\/td>\n<td id=\"yui_3_17_2_1_1685359474321_1413\" dir=\" \" style=\"text-align: center;\" width=\"20% \">2<\/td>\n<td id=\"yui_3_17_2_1_1685359474321_1414\" dir=\" \" style=\"text-align: center;\" width=\"20% \">Rafael \u00dabeda<\/td>\n<td id=\"yui_3_17_2_1_1685359474321_1415\" dir=\" \" style=\"text-align: center;\" width=\"20% \">ubeda_josbon@gva.es<\/td>\n<\/tr>\n<tr id=\"wuid:gx:4ac979ee25012bdf \" class=\"goog-ws-list-tableRow \">\n<td id=\"yui_3_17_2_1_1685359474321_1416\" dir=\"ltr \" style=\"text-align: center;\" width=\"20% \">Hospital de la Vega Baja<\/td>\n<td id=\"yui_3_17_2_1_1685359474321_1417\" dir=\"ltr \" style=\"text-align: center;\" width=\"20% \">Orihuela<\/td>\n<td id=\"yui_3_17_2_1_1685359474321_1418\" dir=\" \" style=\"text-align: center;\" width=\"20% \">2<\/td>\n<td id=\"yui_3_17_2_1_1685359474321_1419\" dir=\"ltr \" style=\"text-align: center;\" width=\"20% \">Rodrigo Bonilla Pe\u00f1arrubia;Carlos Devesa Garc\u00eda; Ana Candela Fajardo; Francisco Jos\u00e9 Rodr\u00edguez Lucena; Nieves Cano Cuenca; Jose Manuel del Moral<\/td>\n<td id=\"yui_3_17_2_1_1685359474321_1420\" dir=\"ltr \" style=\"text-align: center;\" width=\"20% \"><br id=\"yui_3_17_2_1_1685359474321_1421\" \/>bonilla_rod@gva.es\u00a0<br id=\"yui_3_17_2_1_1685359474321_1422\" \/>devesa_car@gva.es<\/td>\n<\/tr>\n<tr id=\"wuid:gx:74151a5c246da209 \" class=\"goog-ws-list-tableRow \">\n<td id=\"yui_3_17_2_1_1685359474321_1424\" dir=\"ltr \" style=\"text-align: center;\" width=\"20% \">Hospital de Elda<\/td>\n<td id=\"yui_3_17_2_1_1685359474321_1425\" dir=\"ltr \" style=\"text-align: center;\" width=\"20% \">Elda<\/td>\n<td id=\"yui_3_17_2_1_1685359474321_1426\" dir=\" \" style=\"text-align: center;\" width=\"20% \">2<\/td>\n<td id=\"yui_3_17_2_1_1685359474321_1427\" dir=\"ltr \" style=\"text-align: center;\" width=\"20% \">Amparo Talens Bolos<\/td>\n<td id=\"yui_3_17_2_1_1685359474321_1428\" dir=\" \" style=\"text-align: center;\" width=\"20% \"><br id=\"yui_3_17_2_1_1685359474321_1429\" \/>talens_amp@gva.es\u00a0<br id=\"yui_3_17_2_1_1685359474321_1430\" \/><br id=\"yui_3_17_2_1_1685359474321_1431\" \/><\/td>\n<\/tr>\n<tr id=\"wuid:gx:76fdfb38c0b62fbd \" class=\"goog-ws-list-tableRow \">\n<td id=\"yui_3_17_2_1_1685359474321_1432\" dir=\"ltr \" style=\"text-align: center;\" width=\"20% \">Hospital Psiqui\u00e1trico Sta. Faz<\/td>\n<td id=\"yui_3_17_2_1_1685359474321_1433\" dir=\"ltr \" style=\"text-align: center;\" width=\"20% \">San Juan de Alicante<\/td>\n<td id=\"yui_3_17_2_1_1685359474321_1434\" dir=\" \" style=\"text-align: center;\" width=\"20% \">2<\/td>\n<td id=\"yui_3_17_2_1_1685359474321_1435\" dir=\"ltr \" style=\"text-align: center;\" width=\"20% \">Francisco Mart\u00ednez Granados<\/td>\n<td id=\"yui_3_17_2_1_1685359474321_1436\" dir=\"ltr \" style=\"text-align: center;\" width=\"20% \"><br id=\"yui_3_17_2_1_1685359474321_1437\" \/>pacomartinezgranados@gmail.com<br id=\"yui_3_17_2_1_1685359474321_1438\" \/><br id=\"yui_3_17_2_1_1685359474321_1439\" \/><\/td>\n<\/tr>\n<tr id=\"wuid:gx:10aa0f71ebadcd95 \" class=\"goog-ws-list-tableRow \">\n<td id=\"yui_3_17_2_1_1685359474321_1440\" dir=\"ltr \" style=\"text-align: center;\" width=\"20% \">Hospital Universitario de San Juan de Alicante<\/td>\n<td id=\"yui_3_17_2_1_1685359474321_1441\" dir=\"ltr \" style=\"text-align: center;\" width=\"20% \">San Juan de Alicante<\/td>\n<td id=\"yui_3_17_2_1_1685359474321_1442\" dir=\" \" style=\"text-align: center;\" width=\"20% \">4<\/td>\n<td id=\"yui_3_17_2_1_1685359474321_1443\" dir=\"ltr \" style=\"text-align: center;\" width=\"20% \">Teresa Aznar; Mar\u00eda Dolores Camacho; Rosa Mar\u00eda Provencio; Jose Ram\u00f3n Blanch\u00a0<br id=\"yui_3_17_2_1_1685359474321_1444\" \/><br id=\"yui_3_17_2_1_1685359474321_1445\" \/><\/td>\n<td id=\"yui_3_17_2_1_1685359474321_1446\" dir=\"ltr \" style=\"text-align: center;\" width=\"20% \">aznar_mte@gva.es<\/td>\n<\/tr>\n<tr id=\"wuid:gx:65da4159b7a1c524 \" class=\"goog-ws-list-tableRow goog-ws-list-row-hover \">\n<td id=\"yui_3_17_2_1_1685359474321_1447\" dir=\"ltr \" style=\"text-align: center;\" width=\"20% \">Hospital General Universitario de Elche<\/td>\n<td id=\"yui_3_17_2_1_1685359474321_1448\" dir=\"ltr \" style=\"text-align: center;\" width=\"20% \">Elche<\/td>\n<td id=\"yui_3_17_2_1_1685359474321_1449\" dir=\" \" style=\"text-align: center;\" width=\"20% \">5<\/td>\n<td id=\"yui_3_17_2_1_1685359474321_1450\" dir=\"ltr \" style=\"text-align: center;\" width=\"20% \">Andr\u00e9s Navarro; Inmaculada Jim\u00e9nez; Carmen Matoses; Ana C. Murcia; Ana Garc\u00eda Monsalve\u00a0<br id=\"yui_3_17_2_1_1685359474321_1451\" \/><br id=\"yui_3_17_2_1_1685359474321_1452\" \/><\/td>\n<td id=\"yui_3_17_2_1_1685359474321_1453\" dir=\"ltr \" style=\"text-align: center;\" width=\"20% \">navarro_and@gva.es<\/td>\n<\/tr>\n<tr id=\"wuid:gx:5b21a44d30473d60 \" class=\"goog-ws-list-tableRow \">\n<td id=\"yui_3_17_2_1_1685359474321_1454\" dir=\"ltr \" style=\"text-align: center;\" width=\"20% \">Hospital General Universitario de Alicante<\/td>\n<td id=\"yui_3_17_2_1_1685359474321_1455\" dir=\"ltr \" style=\"text-align: center;\" width=\"20% \">Alicante<\/td>\n<td id=\"yui_3_17_2_1_1685359474321_1456\" dir=\" \" style=\"text-align: center;\" width=\"20% \">6<\/td>\n<td id=\"yui_3_17_2_1_1685359474321_1457\" dir=\"ltr \" style=\"text-align: center;\" width=\"20% \">Juan Selva; Patricio Mas; Eduardo Climent; Josefa Polache, Geronima Riera, Rosa Fuster,Amparo Burgos\u00a0<br id=\"yui_3_17_2_1_1685359474321_1458\" \/><br id=\"yui_3_17_2_1_1685359474321_1459\" \/><\/td>\n<td id=\"yui_3_17_2_1_1685359474321_1460\" dir=\"ltr \" style=\"text-align: center;\" width=\"20% \">mas_pat@gva.es;<br id=\"yui_3_17_2_1_1685359474321_1461\" \/>riera_ger@gva.es<\/td>\n<\/tr>\n<\/tbody>\n<\/table>\n<\/div>\n<\/div>\n<p>[\/et_pb_text][\/et_pb_column][\/et_pb_row][\/et_pb_section]<\/p>\n","protected":false},"excerpt":{"rendered":"<p>Servicio de farmacia hospitalarias \u00a0 Listado de Servicios de Farmacia Hospitalaria disponibles para el periodo ENERO A Junio 2022. Este listado se modifica cada per\u00edodo. \u00a0 Actualizado 03\/12\/2022 \u00a0 &nbsp; Servicio de Farmacia Localidad N\u00famero de Plazas (Trimestre) Profesores Observaciones Hospital de Alcoy \u00a0Alcoy 2 Rafael \u00dabeda ubeda_josbon@gva.es Hospital de la Vega Baja Orihuela 2 [&hellip;]<\/p>\n","protected":false},"author":23459,"featured_media":0,"parent":0,"menu_order":0,"comment_status":"closed","ping_status":"closed","template":"","meta":{"_et_pb_use_builder":"on","_et_pb_old_content":"","_et_gb_content_width":"","_links_to":"","_links_to_target":""},"_links":{"self":[{"href":"https:\/\/farmacred.umh.es\/ca\/wp-json\/wp\/v2\/pages\/200"}],"collection":[{"href":"https:\/\/farmacred.umh.es\/ca\/wp-json\/wp\/v2\/pages"}],"about":[{"href":"https:\/\/farmacred.umh.es\/ca\/wp-json\/wp\/v2\/types\/page"}],"author":[{"embeddable":true,"href":"https:\/\/farmacred.umh.es\/ca\/wp-json\/wp\/v2\/users\/23459"}],"replies":[{"embeddable":true,"href":"https:\/\/farmacred.umh.es\/ca\/wp-json\/wp\/v2\/comments?post=200"}],"version-history":[{"count":0,"href":"https:\/\/farmacred.umh.es\/ca\/wp-json\/wp\/v2\/pages\/200\/revisions"}],"wp:attachment":[{"href":"https:\/\/farmacred.umh.es\/ca\/wp-json\/wp\/v2\/media?parent=200"}],"curies":[{"name":"wp","href":"https:\/\/api.w.org\/{rel}","templated":true}]}}