{"id":654,"date":"2023-09-15T13:47:19","date_gmt":"2023-09-15T11:47:19","guid":{"rendered":"https:\/\/farmacred.umh.es\/?page_id=654"},"modified":"2023-09-19T13:46:45","modified_gmt":"2023-09-19T11:46:45","slug":"solicitud-de-alta-y-centros-disponibles","status":"publish","type":"page","link":"https:\/\/farmacred.umh.es\/ca\/solicitud-de-alta-y-centros-disponibles\/","title":{"rendered":"Borrador autom\u00e1tico"},"content":{"rendered":"<p>[et_pb_section fb_built=&#8221;1&#8243; _builder_version=&#8221;4.17.4&#8243; _module_preset=&#8221;default&#8221; global_colors_info=&#8221;{}&#8221;][et_pb_row module_id=&#8221;Farmacia&#8221; _builder_version=&#8221;4.17.4&#8243; _module_preset=&#8221;default&#8221; global_colors_info=&#8221;{}&#8221;][et_pb_column type=&#8221;4_4&#8243; _builder_version=&#8221;4.17.4&#8243; _module_preset=&#8221;default&#8221; global_colors_info=&#8221;{}&#8221;][et_pb_text _builder_version=&#8221;4.17.4&#8243; _module_preset=&#8221;default&#8221; header_font=&#8221;|700|||||||&#8221; header_text_color=&#8221;#421476&#8243; locked=&#8221;off&#8221; global_colors_info=&#8221;{}&#8221;]<\/p>\n<h1 id=\"sites-page-title-header\" align=\"left\"><span id=\"sites-page-title\" dir=\"ltr\" tabindex=\"-1\">SOLICITUD DE ALTA Y CENTROS DISPONIBLES <\/span><\/h1>\n<div id=\"sites-canvas-main\" class=\"sites-canvas-main\">\n<div id=\"sites-canvas-main-content\"><\/div>\n<\/div>\n<p>[\/et_pb_text][et_pb_text admin_label=&#8221;Farmacia Comunitaria&#8221; module_id=&#8221;Normativa&#8221; _builder_version=&#8221;4.17.4&#8243; _module_preset=&#8221;default&#8221; text_text_color=&#8221;#000000&#8243; header_2_text_color=&#8221;#2f5496&#8243; global_colors_info=&#8221;{}&#8221;]<\/p>\n<h2>Farmacia Comunitaria<\/h2>\n<p>[\/et_pb_text][et_pb_text module_id=&#8221;requisitos&#8221; _builder_version=&#8221;4.17.4&#8243; _module_preset=&#8221;default&#8221; text_text_color=&#8221;#000000&#8243; header_2_text_color=&#8221;#421476&#8243; global_colors_info=&#8221;{}&#8221;]<\/p>\n<ul>\n<li><em>De acuerdo a la Normativa vigente, podr\u00e1n ser<\/em> farmacias colaboradoras de Estancias aquellas farmacias de la Uni\u00f3n Europea que lo soliciten y sean aceptadas, si bien tendr\u00e1n preferencia aquellas <strong style=\"color: #421476\">farmacias de las provincias de Alicante, Albacete y Murcia<\/strong> por ser el \u00e1mbito de influencia de la mayor\u00eda de nuestro estudiantado.<\/li>\n<li>Los farmac\u00e9uticos titulares que una vez conocida la presente Normativa deseen asumir el compromiso de tutelares estudiantes cumplimentar\u00e1n <u style=\"color: #421476\">el formulario de participaci\u00f3n online<\/u> previsto a tal efecto y disponible en la web: farmacred.umh.es.<\/li>\n<li>Las farmacias interesadas pueden hacer la solicitud de inclusi\u00f3n en el programa de Estancias en cualquier momento. Sin embargo, por motivos organizativos, la inclusi\u00f3n para un periodo concreto se cierra una vez iniciado el procedimiento organizativo y de gesti\u00f3n de cada per\u00edodo, por lo que las solicitudes recibidas con posterioridad a este momento ser\u00e1n incluidas por primera vez en el per\u00edodo siguiente.<\/li>\n<li>Una vez aceptada como colaboradora, recibir\u00e1 un correo electr\u00f3nico de confirmaci\u00f3n. La farmacia pasar\u00e1 a un listado general que se pondr\u00e1 a disposici\u00f3n de los estudiantes cada per\u00edodo, pudiendo ser elegida por cualquier estudiante en funci\u00f3n de su expediente acad\u00e9mico. Esto favorece la equidad y transparencia en el reparto de plazas.<\/li>\n<li>En caso de ser aceptada, la farmacia en cuesti\u00f3n deber\u00e1 suscribir un <strong style=\"color: #421476\">Convenio de pr\u00e1cticas con el Observatorio Ocupacional<\/strong><strong style=\"color: #421476\"> Universidad Miguel Hern\u00e1ndez<\/strong>.<\/li>\n<\/ul>\n<ul>\n<li>Para favorecer el reparto equitativo de centros y la mejora continua de la calidad de la docencia de la asignatura, los tutores que se dan de alta deber\u00e1n asumir el compromiso, salvo causa justificada, de permanecer al menos dos cursos acad\u00e9micos en la bolsa y tutorizar a cualquier estudiante que pueda estar interesado en la farmacia y la elija en funci\u00f3n de su expediente acad\u00e9mico, de acuerdo a la Normativa de la asignatura.<\/li>\n<\/ul>\n<ul>\n<li style=\"color: #421476\">Los centros que entren en bolsa deben estar dispuestos a aceptar estudiantes de la modalidad 6 meses y mixta (3 meses):\n<ul>\n<li style=\"color: #421476\">Per\u00edodo de seis meses consecutivos en Farmacia Comunitaria<\/li>\n<li style=\"color: #421476\">Per\u00edodo de seis meses consecutivos en un Servicio de Farmacia Hospitalario<\/li>\n<li style=\"color: #421476\">Periodo mixto: tres meses consecutivos Farmacia Comunitaria y tres meses consecutivos en un Servicio de Farmacia Hospitalario<\/li>\n<\/ul>\n<\/li>\n<\/ul>\n<p>&nbsp;<\/p>\n<ul>\n<li>No se aceptar\u00e1n altas en el programa de Estancias para tutelar a un estudiante o en un periodo concreto, sin compromiso de continuidad.<\/li>\n<\/ul>\n<p>[\/et_pb_text][et_pb_image src=&#8221;https:\/\/farmacred.umh.es\/files\/2023\/09\/farmacred5.jpg&#8221; title_text=&#8221;farmacred5&#8243; align=&#8221;center&#8221; _builder_version=&#8221;4.17.4&#8243; _module_preset=&#8221;default&#8221; box_shadow_style=&#8221;preset6&#8243; box_shadow_horizontal=&#8221;10px&#8221; box_shadow_blur=&#8221;10px&#8221; box_shadow_spread=&#8221;10px&#8221; box_shadow_color=&#8221;#FFFFFF&#8221; global_colors_info=&#8221;{}&#8221;][\/et_pb_image][\/et_pb_column][\/et_pb_row][et_pb_row module_id=&#8221;FarmaciaH&#8221; _builder_version=&#8221;4.17.4&#8243; _module_preset=&#8221;default&#8221; global_colors_info=&#8221;{}&#8221;][et_pb_column type=&#8221;4_4&#8243; _builder_version=&#8221;4.17.4&#8243; _module_preset=&#8221;default&#8221; global_colors_info=&#8221;{}&#8221;][et_pb_text admin_label=&#8221;Farmacia Hospitalaria &#8221; module_id=&#8221;Normativa&#8221; _builder_version=&#8221;4.17.4&#8243; _module_preset=&#8221;default&#8221; text_text_color=&#8221;#000000&#8243; header_2_text_color=&#8221;#2f5496&#8243; global_colors_info=&#8221;{}&#8221;]<\/p>\n<h2>Farmacia Hospitalaria<\/h2>\n<p>[\/et_pb_text][et_pb_text module_id=&#8221;requisitos&#8221; _builder_version=&#8221;4.17.4&#8243; _module_preset=&#8221;default&#8221; text_text_color=&#8221;#000000&#8243; header_2_text_color=&#8221;#421476&#8243; global_colors_info=&#8221;{}&#8221;]<\/p>\n<ul>\n<li style=\"list-style-type: none;\">\n<ul>\n<li style=\"list-style-type: none;\">\n<ul>\n<li>Comprendidos en el convenio existente entre la Universidad Miguel Hern\u00e1ndez y la Conselleria de Sanitat. Adicionalmente podr\u00e1n proponerse otros hospitales en funci\u00f3n de la demanda e inter\u00e9s, a criterio de la profesora responsable de la asignatura<\/li>\n<\/ul>\n<\/li>\n<\/ul>\n<\/li>\n<\/ul>\n<p>&nbsp;<\/p>\n<p>En el caso de Servicios de Farmacia Hospitalarios de otras provincias diferentes y\/o diferentes a los convenidos, podr\u00e1n acoger estudiantes siempre que sea posible la suscripci\u00f3n del convenio de colaboraci\u00f3n, con el visto bueno de la persona responsable de la asignatura y siempre que cuenten con el requisito b\u00e1sico de ser hospitales p\u00fablicos universitarios y\/o con docencia FIR. Las directrices para hacer efectiva esta opci\u00f3n deber\u00e1n consultarse con la profesora responsable de la asignatura.<\/p>\n<p>[\/et_pb_text][et_pb_text disabled_on=&#8221;on|on|on&#8221; module_id=&#8221;requisitos&#8221; _builder_version=&#8221;4.17.4&#8243; _module_preset=&#8221;default&#8221; text_text_color=&#8221;#000000&#8243; header_2_text_color=&#8221;#421476&#8243; disabled=&#8221;on&#8221; global_colors_info=&#8221;{}&#8221;]<\/p>\n<ul>\n<li style=\"list-style-type: none;\">\n<ul>\n<li style=\"list-style-type: none;\">\n<ul>\n<li>Comprendidos en el convenio existente entre la Universidad Miguel Hern\u00e1ndez y la Conselleria de Sanitat. Adicionalmente podr\u00e1n proponerse otros hospitales en funci\u00f3n de la demanda e inter\u00e9s, a criterio de la profesora responsable de la asignatura<\/li>\n<\/ul>\n<\/li>\n<\/ul>\n<\/li>\n<\/ul>\n<p>&nbsp;<\/p>\n<p>En el caso de Servicios de Farmacia Hospitalarios de otras provincias diferentes y\/o diferentes a los convenidos, podr\u00e1n acoger estudiantes siempre que sea posible la suscripci\u00f3n del convenio de colaboraci\u00f3n, con el visto bueno de la persona responsable de la asignatura y siempre que cuenten con el requisito b\u00e1sico de ser hospitales p\u00fablicos universitarios y\/o con docencia FIR. Las directrices para hacer efectiva esta opci\u00f3n deber\u00e1n consultarse con la profesora responsable de la asignatura.<\/p>\n<p>[\/et_pb_text][et_pb_image src=&#8221;https:\/\/farmacred.umh.es\/files\/2023\/09\/farmacred6.jpg&#8221; title_text=&#8221;farmacred6&#8243; align=&#8221;center&#8221; _builder_version=&#8221;4.17.4&#8243; _module_preset=&#8221;default&#8221; border_color_all=&#8221;#000000&#8243; border_style_all=&#8221;none&#8221; box_shadow_style=&#8221;preset6&#8243; box_shadow_horizontal=&#8221;10px&#8221; box_shadow_blur=&#8221;10px&#8221; box_shadow_spread=&#8221;10px&#8221; box_shadow_color=&#8221;#FFFFFF&#8221; global_colors_info=&#8221;{}&#8221;][\/et_pb_image][\/et_pb_column][\/et_pb_row][et_pb_row module_id=&#8221;Bolsa&#8221; _builder_version=&#8221;4.17.4&#8243; _module_preset=&#8221;default&#8221; global_colors_info=&#8221;{}&#8221;][et_pb_column type=&#8221;4_4&#8243; _builder_version=&#8221;4.17.4&#8243; _module_preset=&#8221;default&#8221; global_colors_info=&#8221;{}&#8221;][et_pb_text admin_label=&#8221;Bolsa de centros disponibles &#8221; module_id=&#8221;Normativa&#8221; _builder_version=&#8221;4.17.4&#8243; _module_preset=&#8221;default&#8221; text_text_color=&#8221;#000000&#8243; header_2_text_color=&#8221;#2f5496&#8243; global_colors_info=&#8221;{}&#8221;]<\/p>\n<h2>Bolsa de centros disponibles<\/h2>\n<p>[\/et_pb_text][\/et_pb_column][\/et_pb_row][et_pb_row column_structure=&#8221;1_5,3_5,1_5&#8243; _builder_version=&#8221;4.17.4&#8243; _module_preset=&#8221;default&#8221; global_colors_info=&#8221;{}&#8221;][et_pb_column type=&#8221;1_5&#8243; _builder_version=&#8221;4.17.4&#8243; _module_preset=&#8221;default&#8221; global_colors_info=&#8221;{}&#8221;][\/et_pb_column][et_pb_column type=&#8221;3_5&#8243; _builder_version=&#8221;4.17.4&#8243; _module_preset=&#8221;default&#8221; global_colors_info=&#8221;{}&#8221;][et_pb_divider color=&#8221;#2f5496&#8243; _builder_version=&#8221;4.17.4&#8243; _module_preset=&#8221;default&#8221; custom_margin=&#8221;-10px||-10px||false|false&#8221; global_colors_info=&#8221;{}&#8221;][\/et_pb_divider][et_pb_text module_id=&#8221;matricula&#8221; _builder_version=&#8221;4.17.4&#8243; _module_preset=&#8221;default&#8221; text_text_color=&#8221;#421476&#8243; header_2_text_color=&#8221;#421476&#8243; custom_margin=&#8221;||||false|false&#8221; global_colors_info=&#8221;{}&#8221;]<\/p>\n<p style=\"text-align: center;\"><em style=\"color: #421476;\">Todas las farmacias comunitarias y servicios de farmacia hospitalarios que sean aceptados como colaboradores pasar\u00e1n a formar parte de un listado general de centros colaboradoras, en adelante, bolsa.<\/em><\/p>\n<p style=\"text-align: center;\"><em style=\"color: #421476;\">Al inicio del curso acad\u00e9mico y\/o del per\u00edodo, el <strong>Observatorio Ocupacional de la UMH contactar\u00e1 con las farmacias incluidas en la bolsa para confirmar la disponibilidad para el per\u00edodo m\u00e1s pr\u00f3ximo. <\/strong><\/em><\/p>\n<p>[\/et_pb_text][et_pb_divider color=&#8221;#2f5496&#8243; _builder_version=&#8221;4.17.4&#8243; _module_preset=&#8221;default&#8221; custom_margin=&#8221;||||false|false&#8221; global_colors_info=&#8221;{}&#8221;][\/et_pb_divider][\/et_pb_column][et_pb_column type=&#8221;1_5&#8243; _builder_version=&#8221;4.17.4&#8243; _module_preset=&#8221;default&#8221; global_colors_info=&#8221;{}&#8221;][\/et_pb_column][\/et_pb_row][et_pb_row _builder_version=&#8221;4.17.4&#8243; _module_preset=&#8221;default&#8221; global_colors_info=&#8221;{}&#8221;][et_pb_column type=&#8221;4_4&#8243; _builder_version=&#8221;4.17.4&#8243; _module_preset=&#8221;default&#8221; global_colors_info=&#8221;{}&#8221;][et_pb_text module_id=&#8221;normativa&#8221; _builder_version=&#8221;4.17.4&#8243; _module_preset=&#8221;default&#8221; text_text_color=&#8221;#000000&#8243; header_2_text_color=&#8221;#421476&#8243; global_colors_info=&#8221;{}&#8221;]<\/p>\n<p>Puedes consultar aqu\u00ed el listado de farmacias y hospitales disponibles para el periodo en curso:<\/p>\n<p>FARMACIAS Y HOPSITALES DISPONIBLES<\/p>\n<p>&nbsp;<\/p>\n<p>[\/et_pb_text][\/et_pb_column][\/et_pb_row][et_pb_row module_id=&#8221;Asignaci\u00f3n&#8221; _builder_version=&#8221;4.17.4&#8243; _module_preset=&#8221;default&#8221; global_colors_info=&#8221;{}&#8221;][et_pb_column type=&#8221;4_4&#8243; _builder_version=&#8221;4.17.4&#8243; _module_preset=&#8221;default&#8221; global_colors_info=&#8221;{}&#8221;][et_pb_text admin_label=&#8221;Asignaci\u00f3n de centros: farmacias y hospitales&#8221; _builder_version=&#8221;4.17.4&#8243; _module_preset=&#8221;default&#8221; text_text_color=&#8221;#000000&#8243; header_2_text_color=&#8221;#2f5496&#8243; global_colors_info=&#8221;{}&#8221;]<\/p>\n<h2>Asignaci\u00f3n de centros: farmacias y hospitales<\/h2>\n<p>[\/et_pb_text][et_pb_text module_id=&#8221;requisitos&#8221; _builder_version=&#8221;4.17.4&#8243; _module_preset=&#8221;default&#8221; text_text_color=&#8221;#000000&#8243; header_2_text_color=&#8221;#421476&#8243; global_colors_info=&#8221;{}&#8221;]<\/p>\n<ul>\n<li>Con anterioridad al d\u00eda de elecci\u00f3n de centros, cada curso acad\u00e9mico se pondr\u00e1 a disposici\u00f3n de los estudiantes un listado de los centros disponibles para la realizaci\u00f3n de las Estancias.<img loading=\"lazy\" class=\"wp-image-808  alignright\" src=\"https:\/\/farmacred.umh.es\/files\/2023\/09\/farmacred10-300x300.png\" alt=\"\" width=\"113\" height=\"113\" srcset=\"https:\/\/farmacred.umh.es\/files\/2023\/09\/farmacred10-300x300.png 300w, https:\/\/farmacred.umh.es\/files\/2023\/09\/farmacred10-150x150.png 150w, https:\/\/farmacred.umh.es\/files\/2023\/09\/farmacred10.png 384w\" sizes=\"(max-width: 113px) 100vw, 113px\" \/>\n<ul>\n<li>Este listado se confeccionar\u00e1 teniendo en cuenta las farmacias y hospitales que est\u00e1n dados de alta y hayan confirmado disponibilidad para el per\u00edodo.<\/li>\n<\/ul>\n<\/li>\n<li>S\u00f3lo los centros que hayan solicitado el alta en tiempo y forma y hayan sido aceptados como colaboradores e incluidos en el listado de centros disponibles para la docencia de Estancias podr\u00e1n acoger estudiantes.<\/li>\n<li>La asignaci\u00f3n de los estudiantes a los centros se realizar\u00e1 mediante subasta, eligiendo cada estudiante, en el d\u00eda y hora aprobados para el Seminario de subasta de centros de cada per\u00edodo.<\/li>\n<li>Los estudiantes elegir\u00e1n por orden de nota media de expediente acad\u00e9mico opci\u00f3n preferida y centro\/s seleccionados. En igualdad de nota, se tendr\u00e1 en cuenta el n\u00famero total de cr\u00e9ditos obligatorios superados.<\/li>\n<li>Tras la adjudicaci\u00f3n definitiva, no se admitir\u00e1n cambios de los destinos.<\/li>\n<li>Paralelamente, los estudiantes <strong style=\"color: #421476;\">visitar\u00e1n la farmacia\/s que les interesen <\/strong>con anterioridad a la subasta de centros, de forma que, si bien la elecci\u00f3n no ser\u00e1 en firme hasta el d\u00eda de la subasta de centros, las farmacias puedan conocer a los estudiantes interesados, organizarse y de alguna manera prever la posible incorporaci\u00f3n de alg\u00fan estudiante.<\/li>\n<li>Por motivos organizativos y de calidad de la gesti\u00f3n, las farmacias que habiendo confirmado disponibilidad para el per\u00edodo, sin causa justificada o previa notificaci\u00f3n decidan no acoger estudiantes podr\u00e1n ser dadas de baja del programa, no pudiendo volver a ser admitidas en el Programa hasta trascurridos dos cursos acad\u00e9micos.<\/li>\n<\/ul>\n<p>[\/et_pb_text][et_pb_text disabled_on=&#8221;on|on|on&#8221; module_id=&#8221;requisitos&#8221; _builder_version=&#8221;4.17.4&#8243; _module_preset=&#8221;default&#8221; text_text_color=&#8221;#000000&#8243; header_2_text_color=&#8221;#421476&#8243; disabled=&#8221;on&#8221; global_colors_info=&#8221;{}&#8221;]<\/p>\n<ul>\n<li>Con anterioridad al d\u00eda de elecci\u00f3n de centros, cada curso acad\u00e9mico se pondr\u00e1 a disposici\u00f3n de los estudiantes un listado de los centros disponibles para la realizaci\u00f3n de las Estancias.\n<ul>\n<li>Este listado se confeccionar\u00e1 teniendo en cuenta las farmacias y hospitales que est\u00e1n dados de alta y hayan confirmado disponibilidad para el per\u00edodo.<\/li>\n<\/ul>\n<\/li>\n<li>S\u00f3lo los centros que hayan solicitado el alta en tiempo y forma y hayan sido aceptados como colaboradores e incluidos en el listado de centros disponibles para la docencia de Estancias podr\u00e1n acoger estudiantes.<\/li>\n<li>La asignaci\u00f3n de los estudiantes a los centros se realizar\u00e1 mediante subasta, eligiendo cada estudiante, en el d\u00eda y hora aprobados para el Seminario de subasta de centros de cada per\u00edodo.<\/li>\n<li>Los estudiantes elegir\u00e1n por orden de nota media de expediente acad\u00e9mico opci\u00f3n preferida y centro\/s seleccionados. En igualdad de nota, se tendr\u00e1 en cuenta el n\u00famero total de cr\u00e9ditos obligatorios superados.<\/li>\n<li>Tras la adjudicaci\u00f3n definitiva, no se admitir\u00e1n cambios de los destinos.<\/li>\n<li>Paralelamente, los estudiantes <strong style=\"color: #421476\">visitar\u00e1n la farmacia\/s que les interesen <\/strong>con anterioridad a la subasta de centros, de forma que, si bien la elecci\u00f3n no ser\u00e1 en firme hasta el d\u00eda de la subasta de centros, las farmacias puedan conocer a los estudiantes interesados, organizarse y de alguna manera prever la posible incorporaci\u00f3n de alg\u00fan estudiante.<\/li>\n<li>Por motivos organizativos y de calidad de la gesti\u00f3n, las farmacias que habiendo confirmado disponibilidad para el per\u00edodo, sin causa justificada o previa notificaci\u00f3n decidan no acoger estudiantes podr\u00e1n ser dadas de baja del programa, no pudiendo volver a ser admitidas en el Programa hasta trascurridos dos cursos acad\u00e9micos.<\/li>\n<\/ul>\n<p>[\/et_pb_text][\/et_pb_column][\/et_pb_row][et_pb_row module_id=&#8221;Solicitud&#8221; _builder_version=&#8221;4.17.4&#8243; _module_preset=&#8221;default&#8221; global_colors_info=&#8221;{}&#8221;][et_pb_column type=&#8221;4_4&#8243; _builder_version=&#8221;4.17.4&#8243; _module_preset=&#8221;default&#8221; global_colors_info=&#8221;{}&#8221;][et_pb_text admin_label=&#8221;Solicitud de alta &#8221; _builder_version=&#8221;4.17.4&#8243; _module_preset=&#8221;default&#8221; text_text_color=&#8221;#000000&#8243; header_2_text_color=&#8221;#2f5496&#8243; global_colors_info=&#8221;{}&#8221;]<\/p>\n<h2>Solicitud de alta<\/h2>\n<p>[\/et_pb_text][et_pb_text module_id=&#8221;requisitos&#8221; _builder_version=&#8221;4.17.4&#8243; _module_preset=&#8221;default&#8221; text_text_color=&#8221;#000000&#8243; header_2_text_color=&#8221;#421476&#8243; hover_enabled=&#8221;0&#8243; global_colors_info=&#8221;{}&#8221; sticky_enabled=&#8221;0&#8243;]<\/p>\n<p>Los farmac\u00e9uticos titulares que una vez conocida la <a href=\"https:\/\/forms.gle\/ZjcJZ31sghKxxxMz8\" target=\"_blank\" rel=\"noopener\"><strong>Normativa especifica<\/strong><\/a> de la asignatura deseen asumir el compromiso de tutelares estudiantes cumplimentar\u00e1n el formulario de participaci\u00f3n online previsto a tal efecto:<\/p>\n<p>LINK: <a href=\"https:\/\/forms.gle\/ZjcJZ31sghKxxxMz8\">https:\/\/forms.gle\/ZjcJZ31sghKxxxMz8<\/a><\/p>\n<p>&nbsp;<\/p>\n<p>[\/et_pb_text][et_pb_image src=&#8221;https:\/\/farmacred.umh.es\/files\/2023\/09\/farmacred8-300&#215;169.png&#8221; title_text=&#8221;farmacred8&#8243; align=&#8221;center&#8221; _builder_version=&#8221;4.17.4&#8243; _module_preset=&#8221;default&#8221; global_colors_info=&#8221;{}&#8221;][\/et_pb_image][et_pb_text module_id=&#8221;requisitos&#8221; _builder_version=&#8221;4.17.4&#8243; _module_preset=&#8221;default&#8221; text_text_color=&#8221;#000000&#8243; header_2_text_color=&#8221;#421476&#8243; global_colors_info=&#8221;{}&#8221;]<\/p>\n<p>NOTA: Las nuevas altas se eval\u00faan dos veces al a\u00f1o, antes de cada per\u00edodo, por lo que la confirmaci\u00f3n de alta en el Programa no es autom\u00e1tica.<\/p>\n<p>&nbsp;<\/p>\n<p>[\/et_pb_text][\/et_pb_column][\/et_pb_row][\/et_pb_section]<\/p>\n","protected":false},"excerpt":{"rendered":"<p>SOLICITUD DE ALTA Y CENTROS DISPONIBLES Farmacia Comunitaria De acuerdo a la Normativa vigente, podr\u00e1n ser farmacias colaboradoras de Estancias aquellas farmacias de la Uni\u00f3n Europea que lo soliciten y sean aceptadas, si bien tendr\u00e1n preferencia aquellas farmacias de las provincias de Alicante, Albacete y Murcia por ser el \u00e1mbito de influencia de la mayor\u00eda [&hellip;]<\/p>\n","protected":false},"author":3782,"featured_media":0,"parent":0,"menu_order":0,"comment_status":"closed","ping_status":"closed","template":"","meta":{"_et_pb_use_builder":"on","_et_pb_old_content":"","_et_gb_content_width":"","_links_to":"","_links_to_target":""},"_links":{"self":[{"href":"https:\/\/farmacred.umh.es\/ca\/wp-json\/wp\/v2\/pages\/654"}],"collection":[{"href":"https:\/\/farmacred.umh.es\/ca\/wp-json\/wp\/v2\/pages"}],"about":[{"href":"https:\/\/farmacred.umh.es\/ca\/wp-json\/wp\/v2\/types\/page"}],"author":[{"embeddable":true,"href":"https:\/\/farmacred.umh.es\/ca\/wp-json\/wp\/v2\/users\/3782"}],"replies":[{"embeddable":true,"href":"https:\/\/farmacred.umh.es\/ca\/wp-json\/wp\/v2\/comments?post=654"}],"version-history":[{"count":0,"href":"https:\/\/farmacred.umh.es\/ca\/wp-json\/wp\/v2\/pages\/654\/revisions"}],"wp:attachment":[{"href":"https:\/\/farmacred.umh.es\/ca\/wp-json\/wp\/v2\/media?parent=654"}],"curies":[{"name":"wp","href":"https:\/\/api.w.org\/{rel}","templated":true}]}}