{"id":323,"date":"2023-07-03T09:45:48","date_gmt":"2023-07-03T07:45:48","guid":{"rendered":"https:\/\/farmacred.umh.es\/?page_id=323"},"modified":"2023-07-03T10:09:12","modified_gmt":"2023-07-03T08:09:12","slug":"centros-disponibles","status":"publish","type":"page","link":"https:\/\/farmacred.umh.es\/en\/centros-disponibles\/","title":{"rendered":"<span lang=\"es\">(Espa\u00f1ol) Centros disponibles<\/span>"},"content":{"rendered":"<p>[et_pb_section fb_built=&#8221;1&#8243; _builder_version=&#8221;4.17.4&#8243; _module_preset=&#8221;default&#8221; custom_padding=&#8221;||9px|||&#8221; locked=&#8221;off&#8221; global_colors_info=&#8221;{}&#8221;][et_pb_row _builder_version=&#8221;4.17.4&#8243; _module_preset=&#8221;default&#8221; custom_padding=&#8221;||0px||false|false&#8221; global_colors_info=&#8221;{}&#8221;][et_pb_column type=&#8221;4_4&#8243; _builder_version=&#8221;4.17.4&#8243; _module_preset=&#8221;default&#8221; global_colors_info=&#8221;{}&#8221;][et_pb_text _builder_version=&#8221;4.17.4&#8243; _module_preset=&#8221;default&#8221; header_font=&#8221;|700|||||||&#8221; header_text_color=&#8221;#421476&#8243; locked=&#8221;off&#8221; global_colors_info=&#8221;{}&#8221;]<\/p>\n<h1 id=\"sites-page-title-header\" align=\"left\"><span id=\"sites-page-title\" dir=\"ltr\" tabindex=\"-1\">Centros disponibles<\/span><\/h1>\n<div id=\"sites-canvas-main\" class=\"sites-canvas-main\">\n<div id=\"sites-canvas-main-content\">\u00a0<\/div>\n<\/div>\n<p>[\/et_pb_text][\/et_pb_column][\/et_pb_row][et_pb_row _builder_version=&#8221;4.17.4&#8243; _module_preset=&#8221;default&#8221; global_colors_info=&#8221;{}&#8221;][et_pb_column type=&#8221;4_4&#8243; _builder_version=&#8221;4.17.4&#8243; _module_preset=&#8221;default&#8221; global_colors_info=&#8221;{}&#8221;][et_pb_text module_id=&#8221;farmacias&#8221; _builder_version=&#8221;4.17.4&#8243; _module_preset=&#8221;default&#8221; header_font=&#8221;|700|||||||&#8221; header_text_color=&#8221;#421476&#8243; header_2_text_color=&#8221;#421476&#8243; locked=&#8221;off&#8221; global_colors_info=&#8221;{}&#8221;]<\/p>\n<h2 id=\"sites-page-title-header\" align=\"left\"><span id=\"sites-page-title\" dir=\"ltr\" tabindex=\"-1\">Farmacias colaboradoras<\/span><\/h2>\n<div id=\"sites-canvas-main\" class=\"sites-canvas-main\">\n<div id=\"sites-canvas-main-content\"><\/div>\n<\/div>\n<p>[\/et_pb_text][et_pb_text _builder_version=&#8221;4.17.4&#8243; _module_preset=&#8221;default&#8221; text_text_color=&#8221;#000000&#8243; header_2_font=&#8221;|600|||||||&#8221; header_2_text_color=&#8221;#000000&#8243; global_colors_info=&#8221;{}&#8221;]<\/p>\n<p>En el archivo adjunto se muestra el\u00a0<strong>listado de Oficinas de Farmacia disponibles para Estancias del per\u00edodo de ENERO A JULIO 23. Se se\u00f1alan en rojo las nuevas altas del per\u00edodo.<\/strong><\/p>\n<p>De acuerdo a la\u00a0normativa de la asignatura,\u00a0<strong>las farmacias que\u00a0cierren por vacaciones durante un periodo\u00a0superior a dos semanas no podr\u00e1n ser elegidas por los estudiantes en el per\u00edodo que coincida con el vacacional.<\/strong><\/p>\n<p><strong>Ser\u00e1 responsabilidad del estudiante conocer este aspecto con anterioridad al d\u00eda de la elecci\u00f3n de centros.<\/strong><\/p>\n<p><strong>Es obligatorio que los estudiantes contrasten la informaci\u00f3n visitando con anterioridad al d\u00eda de la elecci\u00f3n el\/los centros que puedan ser de su inter\u00e9s.<\/strong><\/p>\n<p><strong>Se ruega notificar a la profesora Elsa L\u00f3pez Pintor: (elsa.lopez@umh.es), cualquier incidencia relacionada con el listado publicado y tambi\u00e9n en aquellos casos donde el centro est\u00e9 publicado pero no haya disponibilidad para el per\u00edodo.<\/strong><\/p>\n<p>NOTA: con el fin de clarificar y actualizar la informaci\u00f3n publicada cada per\u00edodo, se considerar\u00e1 que una farmacia desea causar baja del programa\u00a0cuando lo notifique con antelaci\u00f3n o bien cuando decline acoger a alg\u00fan estudiante interesado que pregunte por la posibilidad de realizar las Estancias en la farmacia en cuesti\u00f3n.<\/p>\n<p>Seg\u00fan Normativa de la asignatura, cuando una farmacia solicita o causa baja por el motivo que sea, podr\u00e1 volver a solicitar el alta una vez hayan transcurrido al menos dos cursos acad\u00e9micos desde la baja.<\/p>\n<p><span style=\"text-decoration: underline;\">ACTUALIZADO A FECHA 03\/12\/2023<\/span><\/p>\n<p><span style=\"text-decoration: underline;\">PR\u00d3XIMA ACTUALIZACI\u00d3N: JUNIO 2023<\/span><\/p>\n<p><span style=\"text-decoration: underline;\">Farmacias que deseen solicitar el alta:<\/span> deben rellenar formulario de solicitud de alta disponible en esta misma p\u00e1gina web.<\/p>\n<p><a href=\"https:\/\/farmacred.umh.es\/files\/2023\/05\/CENTROS-DISPONIBLES_enero-julio23vf.pdf\" target=\"_blank\" rel=\"noopener\"><img loading=\"lazy\" class=\"wp-image-71 alignnone size-medium\" src=\"https:\/\/farmacred.umh.es\/files\/2023\/05\/pdf-icono-300x300.png\" alt=\"\" width=\"35\" height=\"300\" \/>Listado centros disponibles<\/a><\/p>\n<p>[\/et_pb_text][\/et_pb_column][\/et_pb_row][\/et_pb_section][et_pb_section fb_built=&#8221;1&#8243; _builder_version=&#8221;4.17.4&#8243; _module_preset=&#8221;default&#8221; custom_padding=&#8221;10px|||||&#8221; locked=&#8221;off&#8221; global_colors_info=&#8221;{}&#8221;][et_pb_row _builder_version=&#8221;4.17.4&#8243; _module_preset=&#8221;default&#8221; global_colors_info=&#8221;{}&#8221;][et_pb_column type=&#8221;4_4&#8243; _builder_version=&#8221;4.17.4&#8243; _module_preset=&#8221;default&#8221; global_colors_info=&#8221;{}&#8221;][et_pb_text module_id=&#8221;hospitales&#8221; _builder_version=&#8221;4.17.4&#8243; _module_preset=&#8221;default&#8221; header_font=&#8221;|700|||||||&#8221; header_text_color=&#8221;#421476&#8243; header_2_text_color=&#8221;#421476&#8243; hover_enabled=&#8221;0&#8243; locked=&#8221;off&#8221; global_colors_info=&#8221;{}&#8221; sticky_enabled=&#8221;0&#8243;]<\/p>\n<h2 id=\"sites-page-title-header\" align=\"left\"><span id=\"sites-page-title\" dir=\"ltr\" tabindex=\"-1\">Servicio de farmacia hospitalarias<\/span><\/h2>\n<div id=\"sites-canvas-main\" class=\"sites-canvas-main\">\n<div id=\"sites-canvas-main-content\"><\/div>\n<\/div>\n<p>[\/et_pb_text][et_pb_text _builder_version=&#8221;4.17.4&#8243; _module_preset=&#8221;default&#8221; text_text_color=&#8221;#000000&#8243; global_colors_info=&#8221;{}&#8221;]<\/p>\n<p id=\"yui_3_17_2_1_1685359474321_1384\"><span id=\"yui_3_17_2_1_1685359474321_1387\">Listado de Servicios de Farmacia Hospitalaria disponibles para el periodo ENERO A Junio 2022. Este listado se modifica cada per\u00edodo.<\/span><\/p>\n<div id=\"yui_3_17_2_1_1685359474321_1388\">\n<p><span id=\"yui_3_17_2_1_1685359474321_1389\"><span id=\"yui_3_17_2_1_1685359474321_1390\">\u00a0<\/span><\/span><\/p>\n<div id=\"yui_3_17_2_1_1685359474321_1392\"><span id=\"yui_3_17_2_1_1685359474321_1393\"><b id=\"yui_3_17_2_1_1685359474321_1394\"><b id=\"yui_3_17_2_1_1685359474321_1395\">Actualizado 03\/12\/2022<\/b><\/b><\/span><\/div>\n<div id=\"yui_3_17_2_1_1685359474321_1396\"><\/div>\n<div id=\"yui_3_17_2_1_1685359474321_1397\">\n<p>&nbsp;<\/p>\n<table id=\"goog-ws-list-table\" class=\"sites-table goog-ws-list-table\">\n<tbody id=\"yui_3_17_2_1_1685359474321_1401\">\n<tr id=\" wuid:gx:720967d6270ed08d \" class=\"goog-ws-list-tableRow \">\n<td id=\"yui_3_17_2_1_1685359474321_1402\" dir=\" \" style=\"text-align: center;\" width=\"20% \"><strong>Servicio de Farmacia<\/strong><\/td>\n<td id=\"yui_3_17_2_1_1685359474321_1403\" dir=\" \" style=\"text-align: center;\" width=\"20% \"><strong>Localidad<\/strong><\/td>\n<td id=\"yui_3_17_2_1_1685359474321_1405\" dir=\" \" style=\"text-align: center;\" width=\"20% \"><strong>N\u00famero de Plazas (Trimestre)<\/strong><\/td>\n<td id=\"yui_3_17_2_1_1685359474321_1407\" dir=\" \" style=\"text-align: center;\" width=\"20% \"><strong>Profesores<\/strong><\/td>\n<td id=\"yui_3_17_2_1_1685359474321_1409\" dir=\" \" style=\"text-align: center;\" width=\"20% \"><strong>Observaciones<\/strong><\/td>\n<\/tr>\n<tr id=\"wuid:gx:720967d6270ed08d \" class=\"goog-ws-list-tableRow \">\n<td id=\"yui_3_17_2_1_1685359474321_1411\" dir=\" \" style=\"text-align: center;\" width=\"20% \">Hospital de Alcoy<\/td>\n<td id=\"yui_3_17_2_1_1685359474321_1412\" dir=\" \" style=\"text-align: center;\" width=\"20% \">\u00a0Alcoy<\/td>\n<td id=\"yui_3_17_2_1_1685359474321_1413\" dir=\" \" style=\"text-align: center;\" width=\"20% \">2<\/td>\n<td id=\"yui_3_17_2_1_1685359474321_1414\" dir=\" \" style=\"text-align: center;\" width=\"20% \">Rafael \u00dabeda<\/td>\n<td id=\"yui_3_17_2_1_1685359474321_1415\" dir=\" \" style=\"text-align: center;\" width=\"20% \">ubeda_josbon@gva.es<\/td>\n<\/tr>\n<tr id=\"wuid:gx:4ac979ee25012bdf \" class=\"goog-ws-list-tableRow \">\n<td id=\"yui_3_17_2_1_1685359474321_1416\" dir=\"ltr \" style=\"text-align: center;\" width=\"20% \">Hospital de la Vega Baja<\/td>\n<td id=\"yui_3_17_2_1_1685359474321_1417\" dir=\"ltr \" style=\"text-align: center;\" width=\"20% \">Orihuela<\/td>\n<td id=\"yui_3_17_2_1_1685359474321_1418\" dir=\" \" style=\"text-align: center;\" width=\"20% \">2<\/td>\n<td id=\"yui_3_17_2_1_1685359474321_1419\" dir=\"ltr \" style=\"text-align: center;\" width=\"20% \">Rodrigo Bonilla Pe\u00f1arrubia;Carlos Devesa Garc\u00eda; Ana Candela Fajardo; Francisco Jos\u00e9 Rodr\u00edguez Lucena; Nieves Cano Cuenca; Jose Manuel del Moral<\/td>\n<td id=\"yui_3_17_2_1_1685359474321_1420\" dir=\"ltr \" style=\"text-align: center;\" width=\"20% \"><br id=\"yui_3_17_2_1_1685359474321_1421\" \/>bonilla_rod@gva.es\u00a0<br id=\"yui_3_17_2_1_1685359474321_1422\" \/>devesa_car@gva.es<\/td>\n<\/tr>\n<tr id=\"wuid:gx:74151a5c246da209 \" class=\"goog-ws-list-tableRow \">\n<td id=\"yui_3_17_2_1_1685359474321_1424\" dir=\"ltr \" style=\"text-align: center;\" width=\"20% \">Hospital de Elda<\/td>\n<td id=\"yui_3_17_2_1_1685359474321_1425\" dir=\"ltr \" style=\"text-align: center;\" width=\"20% \">Elda<\/td>\n<td id=\"yui_3_17_2_1_1685359474321_1426\" dir=\" \" style=\"text-align: center;\" width=\"20% \">2<\/td>\n<td id=\"yui_3_17_2_1_1685359474321_1427\" dir=\"ltr \" style=\"text-align: center;\" width=\"20% \">Amparo Talens Bolos<\/td>\n<td id=\"yui_3_17_2_1_1685359474321_1428\" dir=\" \" style=\"text-align: center;\" width=\"20% \"><br id=\"yui_3_17_2_1_1685359474321_1429\" \/>talens_amp@gva.es\u00a0<br id=\"yui_3_17_2_1_1685359474321_1430\" \/><br id=\"yui_3_17_2_1_1685359474321_1431\" \/><\/td>\n<\/tr>\n<tr id=\"wuid:gx:76fdfb38c0b62fbd \" class=\"goog-ws-list-tableRow \">\n<td id=\"yui_3_17_2_1_1685359474321_1432\" dir=\"ltr \" style=\"text-align: center;\" width=\"20% \">Hospital Psiqui\u00e1trico Sta. Faz<\/td>\n<td id=\"yui_3_17_2_1_1685359474321_1433\" dir=\"ltr \" style=\"text-align: center;\" width=\"20% \">San Juan de Alicante<\/td>\n<td id=\"yui_3_17_2_1_1685359474321_1434\" dir=\" \" style=\"text-align: center;\" width=\"20% \">2<\/td>\n<td id=\"yui_3_17_2_1_1685359474321_1435\" dir=\"ltr \" style=\"text-align: center;\" width=\"20% \">Francisco Mart\u00ednez Granados<\/td>\n<td id=\"yui_3_17_2_1_1685359474321_1436\" dir=\"ltr \" style=\"text-align: center;\" width=\"20% \"><br id=\"yui_3_17_2_1_1685359474321_1437\" \/>pacomartinezgranados@gmail.com<br id=\"yui_3_17_2_1_1685359474321_1438\" \/><br id=\"yui_3_17_2_1_1685359474321_1439\" \/><\/td>\n<\/tr>\n<tr id=\"wuid:gx:10aa0f71ebadcd95 \" class=\"goog-ws-list-tableRow \">\n<td id=\"yui_3_17_2_1_1685359474321_1440\" dir=\"ltr \" style=\"text-align: center;\" width=\"20% \">Hospital Universitario de San Juan de Alicante<\/td>\n<td id=\"yui_3_17_2_1_1685359474321_1441\" dir=\"ltr \" style=\"text-align: center;\" width=\"20% \">San Juan de Alicante<\/td>\n<td id=\"yui_3_17_2_1_1685359474321_1442\" dir=\" \" style=\"text-align: center;\" width=\"20% \">4<\/td>\n<td id=\"yui_3_17_2_1_1685359474321_1443\" dir=\"ltr \" style=\"text-align: center;\" width=\"20% \">Teresa Aznar; Mar\u00eda Dolores Camacho; Rosa Mar\u00eda Provencio; Jose Ram\u00f3n Blanch\u00a0<br id=\"yui_3_17_2_1_1685359474321_1444\" \/><br id=\"yui_3_17_2_1_1685359474321_1445\" \/><\/td>\n<td id=\"yui_3_17_2_1_1685359474321_1446\" dir=\"ltr \" style=\"text-align: center;\" width=\"20% \">aznar_mte@gva.es<\/td>\n<\/tr>\n<tr id=\"wuid:gx:65da4159b7a1c524 \" class=\"goog-ws-list-tableRow goog-ws-list-row-hover \">\n<td id=\"yui_3_17_2_1_1685359474321_1447\" dir=\"ltr \" style=\"text-align: center;\" width=\"20% \">Hospital General Universitario de Elche<\/td>\n<td id=\"yui_3_17_2_1_1685359474321_1448\" dir=\"ltr \" style=\"text-align: center;\" width=\"20% \">Elche<\/td>\n<td id=\"yui_3_17_2_1_1685359474321_1449\" dir=\" \" style=\"text-align: center;\" width=\"20% \">5<\/td>\n<td id=\"yui_3_17_2_1_1685359474321_1450\" dir=\"ltr \" style=\"text-align: center;\" width=\"20% \">Andr\u00e9s Navarro; Inmaculada Jim\u00e9nez; Carmen Matoses; Ana C. Murcia; Ana Garc\u00eda Monsalve\u00a0<br id=\"yui_3_17_2_1_1685359474321_1451\" \/><br id=\"yui_3_17_2_1_1685359474321_1452\" \/><\/td>\n<td id=\"yui_3_17_2_1_1685359474321_1453\" dir=\"ltr \" style=\"text-align: center;\" width=\"20% \">navarro_and@gva.es<\/td>\n<\/tr>\n<tr id=\"wuid:gx:5b21a44d30473d60 \" class=\"goog-ws-list-tableRow \">\n<td id=\"yui_3_17_2_1_1685359474321_1454\" dir=\"ltr \" style=\"text-align: center;\" width=\"20% \">Hospital General Universitario de Alicante<\/td>\n<td id=\"yui_3_17_2_1_1685359474321_1455\" dir=\"ltr \" style=\"text-align: center;\" width=\"20% \">Alicante<\/td>\n<td id=\"yui_3_17_2_1_1685359474321_1456\" dir=\" \" style=\"text-align: center;\" width=\"20% \">6<\/td>\n<td id=\"yui_3_17_2_1_1685359474321_1457\" dir=\"ltr \" style=\"text-align: center;\" width=\"20% \">Juan Selva; Patricio Mas; Eduardo Climent; Josefa Polache, Geronima Riera, Rosa Fuster,Amparo Burgos\u00a0<br id=\"yui_3_17_2_1_1685359474321_1458\" \/><br id=\"yui_3_17_2_1_1685359474321_1459\" \/><\/td>\n<td id=\"yui_3_17_2_1_1685359474321_1460\" dir=\"ltr \" style=\"text-align: center;\" width=\"20% \">mas_pat@gva.es;<br id=\"yui_3_17_2_1_1685359474321_1461\" \/>riera_ger@gva.es<\/td>\n<\/tr>\n<\/tbody>\n<\/table>\n<\/div>\n<\/div>\n<p>[\/et_pb_text][\/et_pb_column][\/et_pb_row][\/et_pb_section]<\/p>\n","protected":false},"excerpt":{"rendered":"<p>Centros disponibles \u00a0 Farmacias colaboradoras En el archivo adjunto se muestra el\u00a0listado de Oficinas de Farmacia disponibles para Estancias del per\u00edodo de ENERO A JULIO 23. Se se\u00f1alan en rojo las nuevas altas del per\u00edodo. De acuerdo a la\u00a0normativa de la asignatura,\u00a0las farmacias que\u00a0cierren por vacaciones durante un periodo\u00a0superior a dos semanas no podr\u00e1n ser [&hellip;]<\/p>\n","protected":false},"author":23459,"featured_media":0,"parent":0,"menu_order":0,"comment_status":"closed","ping_status":"closed","template":"","meta":{"_et_pb_use_builder":"on","_et_pb_old_content":"","_et_gb_content_width":"","_links_to":"","_links_to_target":""},"_links":{"self":[{"href":"https:\/\/farmacred.umh.es\/en\/wp-json\/wp\/v2\/pages\/323"}],"collection":[{"href":"https:\/\/farmacred.umh.es\/en\/wp-json\/wp\/v2\/pages"}],"about":[{"href":"https:\/\/farmacred.umh.es\/en\/wp-json\/wp\/v2\/types\/page"}],"author":[{"embeddable":true,"href":"https:\/\/farmacred.umh.es\/en\/wp-json\/wp\/v2\/users\/23459"}],"replies":[{"embeddable":true,"href":"https:\/\/farmacred.umh.es\/en\/wp-json\/wp\/v2\/comments?post=323"}],"version-history":[{"count":0,"href":"https:\/\/farmacred.umh.es\/en\/wp-json\/wp\/v2\/pages\/323\/revisions"}],"wp:attachment":[{"href":"https:\/\/farmacred.umh.es\/en\/wp-json\/wp\/v2\/media?parent=323"}],"curies":[{"name":"wp","href":"https:\/\/api.w.org\/{rel}","templated":true}]}}