{"id":50,"date":"2023-05-26T13:11:07","date_gmt":"2023-05-26T11:11:07","guid":{"rendered":"https:\/\/farmacred.umh.es\/?page_id=50"},"modified":"2023-05-26T13:12:53","modified_gmt":"2023-05-26T11:12:53","slug":"preguntas-frecuentes","status":"publish","type":"page","link":"https:\/\/farmacred.umh.es\/en\/preguntas-frecuentes\/","title":{"rendered":"<span lang=\"es\">(Espa\u00f1ol) Preguntas frecuentes<\/span>"},"content":{"rendered":"<p>[et_pb_section fb_built=&#8221;1&#8243; _builder_version=&#8221;4.17.4&#8243; _module_preset=&#8221;default&#8221; global_colors_info=&#8221;{}&#8221;][et_pb_row _builder_version=&#8221;4.17.4&#8243; _module_preset=&#8221;default&#8221; global_colors_info=&#8221;{}&#8221;][et_pb_column type=&#8221;4_4&#8243; _builder_version=&#8221;4.17.4&#8243; _module_preset=&#8221;default&#8221; global_colors_info=&#8221;{}&#8221;][et_pb_text _builder_version=&#8221;4.17.4&#8243; _module_preset=&#8221;default&#8221; header_font=&#8221;|700|||||||&#8221; header_text_color=&#8221;#421476&#8243; hover_enabled=&#8221;0&#8243; global_colors_info=&#8221;{}&#8221; sticky_enabled=&#8221;0&#8243;]<\/p>\n<h1>Preguntas Frecuentes<\/h1>\n<p>[\/et_pb_text][et_pb_accordion open_toggle_text_color=&#8221;#000000&#8243; _builder_version=&#8221;4.17.4&#8243; _module_preset=&#8221;default&#8221; toggle_text_color=&#8221;#000000&#8243; toggle_font=&#8221;||||||||&#8221; toggle_font_size=&#8221;20px&#8221; body_text_color=&#8221;#000000&#8243; body_font_size=&#8221;15px&#8221; global_colors_info=&#8221;{}&#8221;][et_pb_accordion_item title=&#8221;BLANCO&#8221; open=&#8221;on&#8221; _builder_version=&#8221;4.17.4&#8243; _module_preset=&#8221;default&#8221; custom_css_main_element=&#8221;display: none;&#8221; global_colors_info=&#8221;{}&#8221;][\/et_pb_accordion_item][et_pb_accordion_item title=&#8221;1- \u00bfCu\u00e1ndo se puede cursar la asignatura?&#8221; _builder_version=&#8221;4.17.4&#8243; _module_preset=&#8221;default&#8221; global_colors_info=&#8221;{}&#8221; open=&#8221;off&#8221;]<\/p>\n<p><strong>ESTUDIANTES DE GRADO<\/strong><br \/>Podr\u00e1n matricularse de Estancias, los alumnos que hayan superado un m\u00ednimo de <strong>232 cr\u00e9ditos de entre los b\u00e1sicos y obligatorios de la titulaci\u00f3n en el momento de formalizar la matr\u00edcula.<\/strong> Adem\u00e1s, deben:<\/p>\n<p style=\"padding-left: 80px;\">\u2022 Estar matriculado de todo lo restante para finalizar los estudios de Grado de Farmacia, con excepci\u00f3n del TFG.<\/p>\n<p>[\/et_pb_accordion_item][et_pb_accordion_item title=&#8221;2- \u00bfCu\u00e1ndo se realiza la matr\u00edcula?&#8221; _builder_version=&#8221;4.17.4&#8243; _module_preset=&#8221;default&#8221; global_colors_info=&#8221;{}&#8221; open=&#8221;off&#8221;]<\/p>\n<p>La matr\u00edcula de la asignatura &#8220;Estancias&#8221; se realiza:<\/p>\n<ol>\n<li style=\"list-style-type: none;\">\n<ol>\n<li>En el per\u00edodo de Automatr\u00edcula (julio), para los estudiantes que vayan a cursar la asignatura en el per\u00edodo de julio a enero.<\/li>\n<li>En el Reajuste de Matr\u00edcula (septiembre) si van a cursar la asignatura en el per\u00edodo de enero a julio.<\/li>\n<\/ol>\n<\/li>\n<\/ol>\n<p><strong>NOTA<\/strong>: LAS FECHAS EXACTAS DE AUTOMATR\u00cdCULA Y REAJUSTE DE MATR\u00cdCULA DEBE CONSULTARSE EN EL CEGECA.<\/p>\n<p>[\/et_pb_accordion_item][et_pb_accordion_item title=&#8221;3- \u00bfCu\u00e1ntos per\u00edodos de estancias hay?&#8221; _builder_version=&#8221;4.17.4&#8243; _module_preset=&#8221;default&#8221; global_colors_info=&#8221;{}&#8221; open=&#8221;off&#8221;]<\/p>\n<p>Existen dos per\u00edodos de Estancias al a\u00f1o:<\/p>\n<p style=\"padding-left: 80px;\">1. Primer per\u00edodo. DE ENERO A JULIO<br \/>2. Segundo per\u00edodo. DE JULIO A ENERO<\/p>\n<p>[\/et_pb_accordion_item][et_pb_accordion_item title=&#8221;4- \u00bfC\u00f3mo se elige el lugar para la realizaci\u00f3n de las estancias?&#8221; _builder_version=&#8221;4.17.4&#8243; _module_preset=&#8221;default&#8221; global_colors_info=&#8221;{}&#8221; open=&#8221;off&#8221;]<\/p>\n<p><strong>La Universidad tiene Convenio con farmacias comunitarias de las provincias de Alicante, Murcia y Albacete, as\u00ed como con Hospitales de la provincia de Alicante.<\/strong> Los listados de los centros disponibles son actualizados antes del inicio de cada per\u00edodo y se ponen a disposici\u00f3n de los alumnos que vayan a comenzar las Estancias en los d\u00edas anteriores a la adjudicaci\u00f3n de los centros.<\/p>\n<p>[\/et_pb_accordion_item][et_pb_accordion_item title=&#8221;5- \u00bfC\u00f3mo se realiza la adjudicaci\u00f3n de las farmacias y hospitales?&#8221; _builder_version=&#8221;4.17.4&#8243; _module_preset=&#8221;default&#8221; global_colors_info=&#8221;{}&#8221; open=&#8221;off&#8221;]<\/p>\n<p>Una vez publicada la lista de alumnos que cumplen los requisitos para cursar la asignatura, la adjudicaci\u00f3n de farmacias y hospitales se realiza por orden de nota media del expediente acad\u00e9mico que el alumno posea en el momento de la adjudicaci\u00f3n.<\/p>\n<p>El d\u00eda y hora para proceder a la adjudicaci\u00f3n ser\u00e1 publicado previamente por la profesora responsable de la asignatura.<\/p>\n<p>[\/et_pb_accordion_item][et_pb_accordion_item title=&#8221;6- Si a\u00fan no estoy matriculado, \u00bfC\u00f3mo puedo enterarme de los avisos y reuniones con la profesora de la asignatura?&#8221; _builder_version=&#8221;4.17.4&#8243; _module_preset=&#8221;default&#8221; global_colors_info=&#8221;{}&#8221; open=&#8221;off&#8221;]<\/p>\n<p>Antes del inicio de cada per\u00edodo, se organizan reuniones informativas para los interesados. <strong>Estas reuniones SON OBLIGATORIAS y se anuncian en esta misma web, FarmAcred, en el apartado de ANUNCIOS y en el twitter de la asignatura @umh5772<\/strong> por lo que los alumnos interesados en realizar las Estancias deben estar atentos a estas fechas, ya que a todos los efectos estos anuncios se consideran convocatorias.<\/p>\n<p>[\/et_pb_accordion_item][\/et_pb_accordion][\/et_pb_column][\/et_pb_row][\/et_pb_section]<\/p>\n","protected":false},"excerpt":{"rendered":"<p>Preguntas FrecuentesESTUDIANTES DE GRADOPodr\u00e1n matricularse de Estancias, los alumnos que hayan superado un m\u00ednimo de 232 cr\u00e9ditos de entre los b\u00e1sicos y obligatorios de la titulaci\u00f3n en el momento de formalizar la matr\u00edcula. Adem\u00e1s, deben: \u2022 Estar matriculado de todo lo restante para finalizar los estudios de Grado de Farmacia, con excepci\u00f3n del TFG.La matr\u00edcula [&hellip;]<\/p>\n","protected":false},"author":23459,"featured_media":0,"parent":0,"menu_order":0,"comment_status":"closed","ping_status":"closed","template":"","meta":{"_et_pb_use_builder":"on","_et_pb_old_content":"","_et_gb_content_width":"","_links_to":"","_links_to_target":""},"_links":{"self":[{"href":"https:\/\/farmacred.umh.es\/en\/wp-json\/wp\/v2\/pages\/50"}],"collection":[{"href":"https:\/\/farmacred.umh.es\/en\/wp-json\/wp\/v2\/pages"}],"about":[{"href":"https:\/\/farmacred.umh.es\/en\/wp-json\/wp\/v2\/types\/page"}],"author":[{"embeddable":true,"href":"https:\/\/farmacred.umh.es\/en\/wp-json\/wp\/v2\/users\/23459"}],"replies":[{"embeddable":true,"href":"https:\/\/farmacred.umh.es\/en\/wp-json\/wp\/v2\/comments?post=50"}],"version-history":[{"count":0,"href":"https:\/\/farmacred.umh.es\/en\/wp-json\/wp\/v2\/pages\/50\/revisions"}],"wp:attachment":[{"href":"https:\/\/farmacred.umh.es\/en\/wp-json\/wp\/v2\/media?parent=50"}],"curies":[{"name":"wp","href":"https:\/\/api.w.org\/{rel}","templated":true}]}}