{"id":644,"date":"2023-09-15T13:16:09","date_gmt":"2023-09-15T11:16:09","guid":{"rendered":"https:\/\/farmacred.umh.es\/?page_id=644"},"modified":"2023-09-19T13:33:31","modified_gmt":"2023-09-19T11:33:31","slug":"estudiantado","status":"publish","type":"page","link":"https:\/\/farmacred.umh.es\/en\/estudiantado\/","title":{"rendered":"Borrador autom\u00e1tico"},"content":{"rendered":"<p>[et_pb_section fb_built=&#8221;1&#8243; _builder_version=&#8221;4.17.4&#8243; _module_preset=&#8221;default&#8221; global_colors_info=&#8221;{}&#8221;][et_pb_row module_id=&#8221;Programa&#8221; _builder_version=&#8221;4.17.4&#8243; _module_preset=&#8221;default&#8221; global_colors_info=&#8221;{}&#8221;][et_pb_column type=&#8221;4_4&#8243; _builder_version=&#8221;4.17.4&#8243; _module_preset=&#8221;default&#8221; global_colors_info=&#8221;{}&#8221;][et_pb_text _builder_version=&#8221;4.17.4&#8243; _module_preset=&#8221;default&#8221; header_font=&#8221;|700|||||||&#8221; header_text_color=&#8221;#421476&#8243; locked=&#8221;off&#8221; global_colors_info=&#8221;{}&#8221;]<\/p>\n<h1 id=\"sites-page-title-header\" align=\"left\"><span id=\"sites-page-title\" dir=\"ltr\" tabindex=\"-1\">ESTUDIANTADO<\/span><\/h1>\n<div id=\"sites-canvas-main\" class=\"sites-canvas-main\">\n<div id=\"sites-canvas-main-content\">\u00a0<\/div>\n<\/div>\n<p>[\/et_pb_text][et_pb_text admin_label=&#8221;Programa y gu\u00eda docente&#8221; module_id=&#8221;Normativa&#8221; _builder_version=&#8221;4.17.4&#8243; _module_preset=&#8221;default&#8221; text_text_color=&#8221;#000000&#8243; header_2_text_color=&#8221;#2f5496&#8243; hover_enabled=&#8221;0&#8243; global_colors_info=&#8221;{}&#8221; sticky_enabled=&#8221;0&#8243;]<\/p>\n<h2>Programa y gu\u00eda docente<\/h2>\n<p>[\/et_pb_text][et_pb_text module_id=&#8221;requisitos&#8221; _builder_version=&#8221;4.17.4&#8243; _module_preset=&#8221;default&#8221; text_text_color=&#8221;#000000&#8243; header_2_text_color=&#8221;#421476&#8243; global_colors_info=&#8221;{}&#8221;]<\/p>\n<p>En la web espec\u00edfica general de la asignatura:\u00a0 y en la p\u00e1gina web de la asignatura de la UMH: se pueden consultar los aspectos docentes de la misma, tales como:<\/p>\n<ul>\n<li style=\"list-style-type: none;\">\n<ul>\n<li style=\"list-style-type: none;\">\n<ul>\n<li>Objetivos y competencias a adquirir<\/li>\n<li>Programa de la asignatura<\/li>\n<li>Bibliograf\u00eda complementaria<\/li>\n<li>Directrices de evaluaci\u00f3n<\/li>\n<\/ul>\n<\/li>\n<\/ul>\n<\/li>\n<\/ul>\n<p>[\/et_pb_text][\/et_pb_column][\/et_pb_row][et_pb_row module_id=&#8221;Campus&#8221; _builder_version=&#8221;4.17.4&#8243; _module_preset=&#8221;default&#8221; hover_enabled=&#8221;0&#8243; global_colors_info=&#8221;{}&#8221; sticky_enabled=&#8221;0&#8243;][et_pb_column type=&#8221;4_4&#8243; _builder_version=&#8221;4.17.4&#8243; _module_preset=&#8221;default&#8221; global_colors_info=&#8221;{}&#8221;][et_pb_text admin_label=&#8221;Campus virtual UMH&#8221; _builder_version=&#8221;4.17.4&#8243; _module_preset=&#8221;default&#8221; text_text_color=&#8221;#000000&#8243; header_2_text_color=&#8221;#2f5496&#8243; hover_enabled=&#8221;0&#8243; global_colors_info=&#8221;{}&#8221; sticky_enabled=&#8221;0&#8243;]<\/p>\n<h2>Campus virtual UMH<\/h2>\n<p>[\/et_pb_text][et_pb_text module_id=&#8221;requisitos&#8221; _builder_version=&#8221;4.17.4&#8243; _module_preset=&#8221;default&#8221; text_text_color=&#8221;#000000&#8243; header_2_text_color=&#8221;#421476&#8243; global_colors_info=&#8221;{}&#8221;]<\/p>\n<p>Una vez matriculados en la asignatura, el estudiantado dispondr\u00e1 de acceso al campus virtual de la asignatura Estancias, desde donde se coordina la relaci\u00f3n estudiantado-profesorado. Funciona como una asignatura m\u00e1s del Grado.<\/p>\n<p>A trav\u00e9s del campus, el estudiantado podr\u00e1:<\/p>\n<p>[\/et_pb_text][et_pb_text module_id=&#8221;requisitos&#8221; _builder_version=&#8221;4.17.4&#8243; _module_preset=&#8221;default&#8221; text_text_color=&#8221;#421476&#8243; header_2_text_color=&#8221;#421476&#8243; hover_enabled=&#8221;0&#8243; border_width_all=&#8221;2px&#8221; border_color_all=&#8221;#2f5496&#8243; global_colors_info=&#8221;{}&#8221; sticky_enabled=&#8221;0&#8243;]<\/p>\n<ul>\n<li style=\"list-style-type: none;\">\n<ul>\n<li style=\"list-style-type: none;\">\n<ul>\n<li>Tener acceso a los anuncios de la asignatura<\/li>\n<li>Descargar la documentaci\u00f3n necesaria<\/li>\n<li>Subir las Memorias y trabajaos desarrollados durante las Estancias<\/li>\n<li>Acceder a las tareas docentes complementarias<\/li>\n<li>Convocar pruebas de evaluaci\u00f3n<\/li>\n<\/ul>\n<\/li>\n<\/ul>\n<\/li>\n<\/ul>\n<p>[\/et_pb_text][\/et_pb_column][\/et_pb_row][et_pb_row module_id=&#8221;Seminarios&#8221; _builder_version=&#8221;4.17.4&#8243; _module_preset=&#8221;default&#8221; global_colors_info=&#8221;{}&#8221;][et_pb_column type=&#8221;4_4&#8243; _builder_version=&#8221;4.17.4&#8243; _module_preset=&#8221;default&#8221; global_colors_info=&#8221;{}&#8221;][et_pb_text admin_label=&#8221;Seminarios pre y post matr\u00edcula&#8221; _builder_version=&#8221;4.17.4&#8243; _module_preset=&#8221;default&#8221; text_text_color=&#8221;#000000&#8243; header_2_text_color=&#8221;#2f5496&#8243; hover_enabled=&#8221;0&#8243; global_colors_info=&#8221;{}&#8221; sticky_enabled=&#8221;0&#8243;]<\/p>\n<h2>Seminarios pre y post matr\u00edcula<\/h2>\n<p>[\/et_pb_text][et_pb_text module_id=&#8221;requisitos&#8221; _builder_version=&#8221;4.17.4&#8243; _module_preset=&#8221;default&#8221; text_text_color=&#8221;#000000&#8243; header_2_text_color=&#8221;#421476&#8243; global_colors_info=&#8221;{}&#8221;]<\/p>\n<p style=\"padding-left: 40px;\"><strong><em style=\"color: #421476;\">ESTUDIANTES MATRICULADOS Y DE MATR\u00cdCULA EXTRAORDINARIA DE DICIEMBRE<\/em><\/strong><\/p>\n<p style=\"padding-left: 40px;\"><strong>A lo largo del curso acad\u00e9mico se celebrar\u00e1n Seminarios para los estudiantes matriculados y\/o que vayan a cursar la asignatura ese curso<\/strong> <strong>acad\u00e9mico, incluyendo a los que se acojan a la matr\u00edcula extraordinaria de diciembre.<\/strong><\/p>\n<ul>\n<li style=\"list-style-type: none;\">\n<ul>\n<li style=\"list-style-type: none;\">\n<ul>\n<li>Estos Seminarios estar\u00e1n consignados en el damero oficial de quinto curso de farmacia, forman parte de la docencia de la asignatura y son <strong>presenciales<\/strong> y de <strong>asistencia obligatoria<\/strong> para poder cursar la asignatura.<\/li>\n<li><strong>La asistencia a los Seminarios previos NO se guarda ni convalida<\/strong>. El estudiantado deber\u00e1 asistir a TODOS los Seminarios espec\u00edficos del per\u00edodo en que vaya a cursar la asignatura, aunque haya realizado alguno anteriormente.<\/li>\n<\/ul>\n<\/li>\n<\/ul>\n<\/li>\n<\/ul>\n<p>[\/et_pb_text][et_pb_text module_id=&#8221;requisitos&#8221; _builder_version=&#8221;4.17.4&#8243; _module_preset=&#8221;default&#8221; text_text_color=&#8221;#000000&#8243; header_2_text_color=&#8221;#421476&#8243; global_colors_info=&#8221;{}&#8221;]<\/p>\n<p style=\"padding-left: 40px;\"><strong><em style=\"color: #421476;\">SEMINARIOS INFORMATIVOS PREMATR\u00cdCULA<\/em><\/strong><\/p>\n<ul>\n<li style=\"list-style-type: none;\">\n<ul>\n<li style=\"list-style-type: none;\">\n<ul>\n<li>Adicionalmente, se celebrar\u00e1n dos Seminarios informativos prematricula, uno en el mes de septiembre (para estudiantes del per\u00edodo enero a julio) y otro en el mes de mayo (para estudiantes del per\u00edodo julio a enero).<\/li>\n<li>Fuera de estas fechas, se podr\u00e1n realizar tutor\u00edas con la profesora responsable, para resolver dudas.<\/li>\n<\/ul>\n<\/li>\n<\/ul>\n<\/li>\n<\/ul>\n<p>Todos los Seminarios para el estudiantado no matriculado se convocar\u00e1n a trav\u00e9s del campus de la asignatura y\/o la web y\/o los delegados de curso, por lo que es responsabilidad de estudiante estar atento a las convocatorias realizadas<\/p>\n<p>[\/et_pb_text][\/et_pb_column][\/et_pb_row][et_pb_row _builder_version=&#8221;4.17.4&#8243; _module_preset=&#8221;default&#8221; global_colors_info=&#8221;{}&#8221;][et_pb_column type=&#8221;4_4&#8243; _builder_version=&#8221;4.17.4&#8243; _module_preset=&#8221;default&#8221; global_colors_info=&#8221;{}&#8221;][et_pb_text admin_label=&#8221;Dec\u00e1logo del estudiantado&#8221; module_id=&#8221;Decalogo&#8221; _builder_version=&#8221;4.17.4&#8243; _module_preset=&#8221;default&#8221; text_text_color=&#8221;#000000&#8243; header_2_text_color=&#8221;#2f5496&#8243; hover_enabled=&#8221;0&#8243; global_colors_info=&#8221;{}&#8221; sticky_enabled=&#8221;0&#8243;]<\/p>\n<h2>Dec\u00e1logo del estudiantado<\/h2>\n<p>[\/et_pb_text][et_pb_text module_id=&#8221;requisitos&#8221; _builder_version=&#8221;4.17.4&#8243; _module_preset=&#8221;default&#8221; text_text_color=&#8221;#000000&#8243; header_2_text_color=&#8221;#421476&#8243; global_colors_info=&#8221;{}&#8221;]<\/p>\n<ol>\n<li>Durante su estancia en el lugar de pr\u00e1cticas, el alumno <strong style=\"color: #421476\">se integrar\u00e1 en el equipo de trabajo<\/strong> desarrollando todas las actividades que se realicen.<\/li>\n<li>El alumno deber\u00e1 llevar en todo momento el <strong style=\"color: #421476\">distintivo que lo identifica como alumno en pr\u00e1cticas. <\/strong><\/li>\n<li>Deber\u00e1 desarrollar actitudes positivas ante el paciente, ante el personal del Centro y ante su propio aprendizaje.<\/li>\n<li>Guardar\u00e1 la debida discreci\u00f3n y secreto profesional.<\/li>\n<li><strong style=\"color: #421476\">Formalizar\u00e1 un documento oficial de confidencialidad que les compromete a guardar discreci\u00f3n y secreto profesional de forma indefinida durante las estancias y una vez finalizadas las mismas<\/strong><strong>.<\/strong><\/li>\n<li>Cuidar\u00e1 su presencia externa.<\/li>\n<li>El alumno <strong style=\"color: #421476\">cumplir\u00e1 el horario de pr\u00e1cticas previsto<\/strong> (7 horas diarias durante 6 meses ), deber\u00e1 ser puntual y estar\u00e1 obligado a notificar al tutor, tan pronto como sea posible, cualquier retraso o ausencia.<\/li>\n<li>Asimismo, deber\u00e1 cuidar el orden en el lugar de trabajo y ser\u00e1 responsable del material de pr\u00e1cticas recibido.<\/li>\n<li>Deber\u00e1 desarrollar sentido cr\u00edtico y af\u00e1n de superaci\u00f3n, mostrar atenci\u00f3n e inter\u00e9s as\u00ed como comprender la necesidad de dirigir su propio aprendizaje.<\/li>\n<li><strong style=\"color: #421476\">No podr\u00e1n realizarse las pr\u00e1cticas en Oficinas de Farmacia cuyo Farmac\u00e9utico Titular o Adjunto sea pariente del alumno hasta el tercer grado de consanguinidad o por matrimonio.<\/strong><\/li>\n<\/ol>\n<p>[\/et_pb_text][et_pb_image src=&#8221;https:\/\/farmacred.umh.es\/files\/2023\/09\/farmacred4-300&#215;206.png&#8221; title_text=&#8221;farmacred4&#8243; align=&#8221;center&#8221; _builder_version=&#8221;4.17.4&#8243; _module_preset=&#8221;default&#8221; box_shadow_style=&#8221;preset6&#8243; box_shadow_horizontal=&#8221;10px&#8221; box_shadow_blur=&#8221;10px&#8221; box_shadow_spread=&#8221;10px&#8221; box_shadow_color=&#8221;#FFFFFF&#8221; global_colors_info=&#8221;{}&#8221;][\/et_pb_image][\/et_pb_column][\/et_pb_row][\/et_pb_section]<\/p>\n","protected":false},"excerpt":{"rendered":"<p>ESTUDIANTADO \u00a0 Programa y gu\u00eda docenteEn la web espec\u00edfica general de la asignatura:\u00a0 y en la p\u00e1gina web de la asignatura de la UMH: se pueden consultar los aspectos docentes de la misma, tales como: Objetivos y competencias a adquirir Programa de la asignatura Bibliograf\u00eda complementaria Directrices de evaluaci\u00f3n Campus virtual UMHUna vez matriculados en [&hellip;]<\/p>\n","protected":false},"author":3782,"featured_media":0,"parent":0,"menu_order":0,"comment_status":"closed","ping_status":"closed","template":"","meta":{"_et_pb_use_builder":"on","_et_pb_old_content":"","_et_gb_content_width":"","_links_to":"","_links_to_target":""},"_links":{"self":[{"href":"https:\/\/farmacred.umh.es\/en\/wp-json\/wp\/v2\/pages\/644"}],"collection":[{"href":"https:\/\/farmacred.umh.es\/en\/wp-json\/wp\/v2\/pages"}],"about":[{"href":"https:\/\/farmacred.umh.es\/en\/wp-json\/wp\/v2\/types\/page"}],"author":[{"embeddable":true,"href":"https:\/\/farmacred.umh.es\/en\/wp-json\/wp\/v2\/users\/3782"}],"replies":[{"embeddable":true,"href":"https:\/\/farmacred.umh.es\/en\/wp-json\/wp\/v2\/comments?post=644"}],"version-history":[{"count":0,"href":"https:\/\/farmacred.umh.es\/en\/wp-json\/wp\/v2\/pages\/644\/revisions"}],"wp:attachment":[{"href":"https:\/\/farmacred.umh.es\/en\/wp-json\/wp\/v2\/media?parent=644"}],"curies":[{"name":"wp","href":"https:\/\/api.w.org\/{rel}","templated":true}]}}